{"id":630,"date":"2024-12-30T20:57:54","date_gmt":"2024-12-30T20:57:54","guid":{"rendered":"https:\/\/www.curico.cl\/home\/?page_id=630"},"modified":"2025-08-07T17:05:52","modified_gmt":"2025-08-07T17:05:52","slug":"direccion-de-gestion-medioambiental-territorio","status":"publish","type":"page","link":"https:\/\/www.curico.cl\/home\/direccion-de-gestion-medioambiental-territorio\/","title":{"rendered":"Direcci\u00f3n de Gesti\u00f3n Medioambiental Territorio"},"content":{"rendered":"\t\t<div data-elementor-type=\"wp-page\" data-elementor-id=\"630\" class=\"elementor elementor-630\" data-elementor-post-type=\"page\">\n\t\t\t\t<div class=\"elementor-element elementor-element-90b665b e-flex e-con-boxed e-con e-parent\" data-id=\"90b665b\" data-element_type=\"container\" data-e-type=\"container\">\n\t\t\t\t\t<div class=\"e-con-inner\">\n\t\t<div class=\"elementor-element elementor-element-701db92 e-con-full e-flex e-con e-child\" data-id=\"701db92\" data-element_type=\"container\" data-e-type=\"container\">\n\t\t\t\t<div class=\"elementor-element elementor-element-c6b2827 elementor-widget elementor-widget-text-editor\" data-id=\"c6b2827\" data-element_type=\"widget\" data-e-type=\"widget\" data-widget_type=\"text-editor.default\">\n\t\t\t\t<div class=\"elementor-widget-container\">\n\t\t\t\t\t\t\t\t\t<p style=\"text-align: justify;\">La Direcci\u00f3n de Gesti\u00f3n Ambiental y Territorio, tiene como objetivo enfrentar desde una perspectiva sistem\u00e1tica e integral los problemas ambientales del territorio comunal y desarrollar soluciones entre la comunidad y el municipio.<\/p><p style=\"text-align: justify;\">\u00a0\u00a0\u00a0\u00a0\u00a0\u00a0\u00a0\u00a0\u00a0\u00a0\u00a0 La Direcci\u00f3n de Gesti\u00f3n Ambiental y Territorio deber\u00e1 cumplir las siguientes funciones:<\/p><ol style=\"text-align: justify;\"><li>Asesorar al Alcalde y Concejo Municipal en todas las materias ambientales comunales.<\/li><li>Coordinar las acciones, la elaboraci\u00f3n y ejecuci\u00f3n de proyectos medioambientales que deban realizar las distintas unidades municipales, incorpor\u00e1ndolas al quehacer de la Direcci\u00f3n.<\/li><li>Ejercer la funci\u00f3n de Secretar\u00eda T\u00e9cnica del Comit\u00e9 Ambiental Municipal y del Comit\u00e9 Ambiental Comunal, coordinando las acciones medioambientales que realicen ambos comit\u00e9s.<\/li><li>Coordinar y\/o ejecutar acciones y proyectos con organizaciones e instituciones del sector p\u00fablico y privado, con el objeto de resguardar el medio ambiente de la comuna.<\/li><li>Mantener contacto permanente con universidades e instituciones de investigaci\u00f3n del sector p\u00fablico y privado, con el prop\u00f3sito de apoyar e incorporar innovaciones tecnol\u00f3gicas cuyo objetivo sea el cuidado del medio ambiente.<\/li><li>Realizar estudios referidos a la conservaci\u00f3n y el manejo de los recursos naturales de la comuna tales como suelo, agua, aire, flora, fauna y emitir opini\u00f3n t\u00e9cnica en materias de desarrollo sustentable comunal, estudios y declaraciones de impacto ambiental a desarrollarse en la comuna.<\/li><li>Fomentar el ordenamiento territorial de la comuna, participando en la elaboraci\u00f3n, aplicaci\u00f3n y modificaci\u00f3n de instrumentos de planificaci\u00f3n territorial, as\u00ed como tambi\u00e9n en la elaboraci\u00f3n de la Evaluaci\u00f3n Ambiental Estrat\u00e9gica cuando el caso lo requiera.<\/li><li>Elaborar normas y ordenanzas medioambientales y de protecci\u00f3n del territorio a trav\u00e9s de un proceso participativo, generando y\/o modificando diversas ordenanzas municipales en las cuales el tema ambiental est\u00e9 inserto.<\/li><li>Resguardar el cumplimiento, en todo el territorio comunal, de normas y ordenanzas medioambientales y otras que tengan incidencia en el medio ambiente, aplicando las sanciones correspondientes, cuando estas no se cumplan.<\/li><li>Orientar a la comunidad en el conocimiento del medio natural y su din\u00e1mica, ejecutando acciones de capacitaci\u00f3n e incorporaci\u00f3n de \u00e9stos al desarrollo sostenible del territorio comunal, a objeto de preservar el medio ambiente como un bien com\u00fan.<\/li><li>Incorporar a la comunidad en la fiscalizaci\u00f3n y\/o el desarrollo de acciones de control territorial sobre el estado del medio ambiente natural, social y constructivo.<\/li><li>Colaborar en la protecci\u00f3n y defensa de las \u00e1reas verdes y arborizaci\u00f3n urbana, propiciando la incorporaci\u00f3n de la comunidad en su cuidado.<\/li><li>Promover la generaci\u00f3n y aplicaci\u00f3n de indicadores ambientales comunales.<\/li><\/ol><p style=\"text-align: justify;\">Cumplir la funci\u00f3n de Oficina de informaci\u00f3n, reclamos y sugerencias en temas medioambientales.<\/p><p style=\"text-align: justify;\">\u00a0<\/p><p style=\"text-align: justify;\"><strong>As\u00ed, la Direcci\u00f3n de Gesti\u00f3n Ambiental y Territorio<\/strong>, depender\u00e1n directamente las siguientes dependencias:<\/p><ol><li style=\"text-align: justify;\">Secci\u00f3n de Gesti\u00f3n Ambiental<ul><li>Oficina de Proyectos Ambientales<\/li><li>Oficina de Educaci\u00f3n Ambiental y Participaci\u00f3n Ciudadana<\/li><li>Oficina de Evaluaci\u00f3n de Impacto Ambiental<\/li><\/ul><\/li><li style=\"text-align: justify;\">Secci\u00f3n de Evaluaci\u00f3n y Fiscalizaci\u00f3n<\/li><li style=\"text-align: justify;\">Secci\u00f3n de Sanidad Ambiental y Zoonosis<\/li><\/ol>\t\t\t\t\t\t\t\t<\/div>\n\t\t\t\t<\/div>\n\t\t\t\t<\/div>\n\t\t<div class=\"elementor-element elementor-element-2d64ce0 e-con-full e-flex e-con e-child\" data-id=\"2d64ce0\" data-element_type=\"container\" data-e-type=\"container\">\n\t\t<div class=\"elementor-element elementor-element-ac4fae1 e-con-full e-flex e-con e-child\" data-id=\"ac4fae1\" data-element_type=\"container\" data-e-type=\"container\">\n\t\t\t\t<div class=\"elementor-element elementor-element-83102a6 elementor-widget elementor-widget-pafe-vertical-timeline\" data-id=\"83102a6\" data-element_type=\"widget\" data-e-type=\"widget\" data-widget_type=\"pafe-vertical-timeline.default\">\n\t\t\t\t<div class=\"elementor-widget-container\">\n\t\t\t\t\t\t\t<div class=\"cd-timeline js-cd-timeline pafe-vertical-timeline\" data-pafe-vertical-timeline>\n\t\t\t<div class=\"cd-timeline__container\">\n\t\t\t\t\t<div class=\"cd-timeline__block pafe-vertical-timeline__block\">\n\t\t\t\t\t\t\t\t\t\t\n\t\t\t\t\t\t<div class=\"cd-timeline__img cd-timeline__img--picture pafe-vertical-timeline__icon\">\t\t\n\t\t\t\t\t\t\t<i class=\"fa fa-user\" aria-hidden=\"true\"><\/i>\t\n\t\t\t\t\t\t<\/div>\t\n\t\t\t\t\t\t \n\t\t\t\t\t\t\t\t\t<div class=\"cd-timeline__content text-component pafe-vertical-timeline-content\" data-pafe-vertical-timeline-content>\n\t\t\t\t\t\t<div class=\"pafe-vertical-timeline-content__title\">Directora<\/div>\n\t\t\t\t\t\t<div class=\"color-contrast-medium pafe-vertical-timeline-content__content\"><p>Carolina Mar\u00edn Navarro<\/p><\/div>\n\t\t\t\n\t\t\t\t\t\t<div class=\"flex justify-between items-center pafe-vertical-timeline__dates\">\n\t\t\t\t\t        \n\t\t\t\t\t        \t\n\t\t\t\t\t    <\/div> \t\t\t\t\t\t\t\n\t\t\t\t\t<\/div> \n\t\t\t\t\t\t\t\t\n\t\t\t<\/div>\t  \n\t\t\t\t\t<div class=\"cd-timeline__block pafe-vertical-timeline__block\">\n\t\t\t\t\t\t\t\t\t\t\n\t\t\t\t\t\t<div class=\"cd-timeline__img cd-timeline__img--picture pafe-vertical-timeline__icon\">\t\t\n\t\t\t\t\t\t\t<i class=\"fa fa-envelope-open\" aria-hidden=\"true\"><\/i>\t\n\t\t\t\t\t\t<\/div>\t\n\t\t\t\t\t\t \n\t\t\t\t\t\t\t\t\t<div class=\"cd-timeline__content text-component pafe-vertical-timeline-content\" data-pafe-vertical-timeline-content>\n\t\t\t\t\t\t<div class=\"pafe-vertical-timeline-content__title\">Correo<\/div>\n\t\t\t\t\t\t<div class=\"color-contrast-medium pafe-vertical-timeline-content__content\"><p>medioambiente@curico.cl<\/p><\/div>\n\t\t\t\n\t\t\t\t\t\t<div class=\"flex justify-between items-center pafe-vertical-timeline__dates\">\n\t\t\t\t\t        \n\t\t\t\t\t        \t\n\t\t\t\t\t    <\/div> \t\t\t\t\t\t\t\n\t\t\t\t\t<\/div> \n\t\t\t\t\t\t\t\t\n\t\t\t<\/div>\t  \n\t\t\t\n\t\t<\/div>\n\t\t\t\t\t\t<\/div>\n\t\t\t\t<\/div>\n\t\t\t\t<\/div>\n\t\t\t\t<\/div>\n\t\t\t\t\t<\/div>\n\t\t\t\t<\/div>\n\t\t\t\t<\/div>\n\t\t","protected":false},"excerpt":{"rendered":"<p>La Direcci\u00f3n de Gesti\u00f3n Ambiental y Territorio, tiene como objetivo enfrentar desde una perspectiva sistem\u00e1tica e integral los problemas ambientales del territorio comunal y desarrollar soluciones entre la comunidad y el municipio. \u00a0\u00a0\u00a0\u00a0\u00a0\u00a0\u00a0\u00a0\u00a0\u00a0\u00a0 La Direcci\u00f3n de Gesti\u00f3n Ambiental y Territorio deber\u00e1 cumplir las siguientes funciones: Asesorar al Alcalde y Concejo Municipal en todas las materias [&hellip;]<\/p>\n","protected":false},"author":1,"featured_media":0,"parent":0,"menu_order":0,"comment_status":"closed","ping_status":"closed","template":"","meta":{"footnotes":""},"class_list":["post-630","page","type-page","status-publish","hentry"],"rttpg_featured_image_url":null,"rttpg_author":{"display_name":"municco","author_link":"https:\/\/www.curico.cl\/home\/author\/municco\/"},"rttpg_comment":0,"rttpg_category":null,"rttpg_excerpt":"La Direcci\u00f3n de Gesti\u00f3n Ambiental y Territorio, tiene como objetivo enfrentar desde una perspectiva sistem\u00e1tica e integral los problemas ambientales del territorio comunal y desarrollar soluciones entre la comunidad y el municipio. \u00a0\u00a0\u00a0\u00a0\u00a0\u00a0\u00a0\u00a0\u00a0\u00a0\u00a0 La Direcci\u00f3n de Gesti\u00f3n Ambiental y Territorio deber\u00e1 cumplir las siguientes funciones: Asesorar al Alcalde y Concejo Municipal en todas las materias&hellip;","_links":{"self":[{"href":"https:\/\/www.curico.cl\/home\/wp-json\/wp\/v2\/pages\/630","targetHints":{"allow":["GET"]}}],"collection":[{"href":"https:\/\/www.curico.cl\/home\/wp-json\/wp\/v2\/pages"}],"about":[{"href":"https:\/\/www.curico.cl\/home\/wp-json\/wp\/v2\/types\/page"}],"author":[{"embeddable":true,"href":"https:\/\/www.curico.cl\/home\/wp-json\/wp\/v2\/users\/1"}],"replies":[{"embeddable":true,"href":"https:\/\/www.curico.cl\/home\/wp-json\/wp\/v2\/comments?post=630"}],"version-history":[{"count":6,"href":"https:\/\/www.curico.cl\/home\/wp-json\/wp\/v2\/pages\/630\/revisions"}],"predecessor-version":[{"id":4530,"href":"https:\/\/www.curico.cl\/home\/wp-json\/wp\/v2\/pages\/630\/revisions\/4530"}],"wp:attachment":[{"href":"https:\/\/www.curico.cl\/home\/wp-json\/wp\/v2\/media?parent=630"}],"curies":[{"name":"wp","href":"https:\/\/api.w.org\/{rel}","templated":true}]}}