{"id":608,"date":"2024-12-30T20:53:21","date_gmt":"2024-12-30T20:53:21","guid":{"rendered":"https:\/\/www.curico.cl\/home\/?page_id=608"},"modified":"2025-08-07T17:03:52","modified_gmt":"2025-08-07T17:03:52","slug":"direccion-de-administracion-y-finanzas","status":"publish","type":"page","link":"https:\/\/www.curico.cl\/home\/direccion-de-administracion-y-finanzas\/","title":{"rendered":"Direcci\u00f3n de Administraci\u00f3n y Finanzas"},"content":{"rendered":"\t\t<div data-elementor-type=\"wp-page\" data-elementor-id=\"608\" class=\"elementor elementor-608\" data-elementor-post-type=\"page\">\n\t\t\t\t<div class=\"elementor-element elementor-element-1d192e2 e-flex e-con-boxed e-con e-parent\" data-id=\"1d192e2\" data-element_type=\"container\" data-e-type=\"container\">\n\t\t\t\t\t<div class=\"e-con-inner\">\n\t\t<div class=\"elementor-element elementor-element-d35f738 e-con-full e-flex e-con e-child\" data-id=\"d35f738\" data-element_type=\"container\" data-e-type=\"container\">\n\t\t\t\t<div class=\"elementor-element elementor-element-9b12a26 elementor-widget elementor-widget-text-editor\" data-id=\"9b12a26\" data-element_type=\"widget\" data-e-type=\"widget\" data-widget_type=\"text-editor.default\">\n\t\t\t\t<div class=\"elementor-widget-container\">\n\t\t\t\t\t\t\t\t\t<p style=\"text-align: justify;\"><strong>Direcci\u00f3n Administraci\u00f3n y Finanzas<\/strong>, tiene por objeto administrar los recursos financieros y materiales de la Municipalidad, optimizando su utilizaci\u00f3n, adem\u00e1s de llevar la Contabilidad Presupuestaria y Financiera de acuerdo a las disposiciones vigentes e instrucciones t\u00e9cnicas emanadas de la Contralor\u00eda General de la Rep\u00fablica.<\/p><p style=\"text-align: justify;\">La Direcci\u00f3n de Administraci\u00f3n y Finanzas deber\u00e1 cumplir las siguientes funciones:<\/p><ol style=\"text-align: justify;\"><li>Asesorar al Alcalde en lo relacionado con el manejo financiero de la Municipalidad.<\/li><li>Dirigir y Coordinar las actividades Financieras de la Municipalidad.<\/li><li>Velar por la eficiente y oportuna ejecuci\u00f3n de los recursos financieros municipales.<\/li><li>Estudiar, calcular, proponer y regular la percepci\u00f3n de cualquier tipo de ingresos municipales.<\/li><li>Colaborar con la Secretar\u00eda Comunal de Planificaci\u00f3n en la elaboraci\u00f3n del presupuesto municipal.<\/li><li>Visar los decretos de pago.<\/li><li>Llevar la contabilidad municipal en conformidad con las normas de la contabilidad nacional y con las instrucciones que la Contralor\u00eda General de la Rep\u00fablica imparta al respecto.<\/li><li>Efectuar los pagos municipales, manejar la cuenta bancaria respectiva y rendir cuentas a la Contralor\u00eda General de la Rep\u00fablica,<\/li><li>Recaudar y percibir los ingresos municipales y fiscales que correspondan a trav\u00e9s de la Tesorer\u00eda Municipal<\/li><li>Coordinar las diferentes actividades y trabajos que desarrollan los Departamentos que conforman la Direcci\u00f3n.<\/li><li>Autorizar todas las Solicitudes de Pedido de la Municipalidad, Cementerio, Plan de Seguridad P\u00fablica y Sistema Protecci\u00f3n Social.<strong> <br \/><\/strong><\/li><\/ol><p style=\"text-align: justify;\">As\u00ed, de la Direcci\u00f3n de Administraci\u00f3n y Finanzas depender\u00e1n directamente las siguientes dependencias:<\/p><ol><li style=\"text-align: justify;\">Departamento de Finanzas<\/li><li style=\"text-align: justify;\">Departamento de Adquisiciones<\/li><li style=\"text-align: justify;\">Departamento de Rentas<\/li><li style=\"text-align: justify;\">Departamento de Tesorer\u00eda Municipal<\/li><li style=\"text-align: justify;\">Departamento de Inventario<\/li><\/ol>\t\t\t\t\t\t\t\t<\/div>\n\t\t\t\t<\/div>\n\t\t\t\t<\/div>\n\t\t<div class=\"elementor-element elementor-element-0f08204 e-con-full e-flex e-con e-child\" data-id=\"0f08204\" data-element_type=\"container\" data-e-type=\"container\">\n\t\t<div class=\"elementor-element elementor-element-3f26f2f e-con-full e-flex e-con e-child\" data-id=\"3f26f2f\" data-element_type=\"container\" data-e-type=\"container\">\n\t\t\t\t<div class=\"elementor-element elementor-element-86f4c14 elementor-widget elementor-widget-pafe-vertical-timeline\" data-id=\"86f4c14\" data-element_type=\"widget\" data-e-type=\"widget\" data-widget_type=\"pafe-vertical-timeline.default\">\n\t\t\t\t<div class=\"elementor-widget-container\">\n\t\t\t\t\t\t\t<div class=\"cd-timeline js-cd-timeline pafe-vertical-timeline\" data-pafe-vertical-timeline>\n\t\t\t<div class=\"cd-timeline__container\">\n\t\t\t\t\t<div class=\"cd-timeline__block pafe-vertical-timeline__block\">\n\t\t\t\t\t\t\t\t\t\t\n\t\t\t\t\t\t<div class=\"cd-timeline__img cd-timeline__img--picture pafe-vertical-timeline__icon\">\t\t\n\t\t\t\t\t\t\t<i class=\"fa fa-user\" aria-hidden=\"true\"><\/i>\t\n\t\t\t\t\t\t<\/div>\t\n\t\t\t\t\t\t \n\t\t\t\t\t\t\t\t\t<div class=\"cd-timeline__content text-component pafe-vertical-timeline-content\" data-pafe-vertical-timeline-content>\n\t\t\t\t\t\t<div class=\"pafe-vertical-timeline-content__title\">Director<\/div>\n\t\t\t\t\t\t<div class=\"color-contrast-medium pafe-vertical-timeline-content__content\"><p>Pedro Gamboa Jofr\u00e9<\/p><\/div>\n\t\t\t\n\t\t\t\t\t\t<div class=\"flex justify-between items-center pafe-vertical-timeline__dates\">\n\t\t\t\t\t        \n\t\t\t\t\t        \t\n\t\t\t\t\t    <\/div> \t\t\t\t\t\t\t\n\t\t\t\t\t<\/div> \n\t\t\t\t\t\t\t\t\n\t\t\t<\/div>\t  \n\t\t\t\t\t<div class=\"cd-timeline__block pafe-vertical-timeline__block\">\n\t\t\t\t\t\t\t\t\t\t\n\t\t\t\t\t\t<div class=\"cd-timeline__img cd-timeline__img--picture pafe-vertical-timeline__icon\">\t\t\n\t\t\t\t\t\t\t<i class=\"fa fa-envelope-open\" aria-hidden=\"true\"><\/i>\t\n\t\t\t\t\t\t<\/div>\t\n\t\t\t\t\t\t \n\t\t\t\t\t\t\t\t\t<div class=\"cd-timeline__content text-component pafe-vertical-timeline-content\" data-pafe-vertical-timeline-content>\n\t\t\t\t\t\t<div class=\"pafe-vertical-timeline-content__title\">Correo<\/div>\n\t\t\t\t\t\t<div class=\"color-contrast-medium pafe-vertical-timeline-content__content\"><p>daf@curico.cl<\/p><\/div>\n\t\t\t\n\t\t\t\t\t\t<div class=\"flex justify-between items-center pafe-vertical-timeline__dates\">\n\t\t\t\t\t        \n\t\t\t\t\t        \t\n\t\t\t\t\t    <\/div> \t\t\t\t\t\t\t\n\t\t\t\t\t<\/div> \n\t\t\t\t\t\t\t\t\n\t\t\t<\/div>\t  \n\t\t\t\t\t<div class=\"cd-timeline__block pafe-vertical-timeline__block\">\n\t\t\t\t\t\t\t\t\t\t\n\t\t\t\t\t\t<div class=\"cd-timeline__img cd-timeline__img--picture pafe-vertical-timeline__icon\">\t\t\n\t\t\t\t\t\t\t<i class=\"fa fa-map-marker\" aria-hidden=\"true\"><\/i>\t\n\t\t\t\t\t\t<\/div>\t\n\t\t\t\t\t\t \n\t\t\t\t\t\t\t\t\t<div class=\"cd-timeline__content text-component pafe-vertical-timeline-content\" data-pafe-vertical-timeline-content>\n\t\t\t\t\t\t<div class=\"pafe-vertical-timeline-content__title\">Direcci\u00f3n<\/div>\n\t\t\t\t\t\t<div class=\"color-contrast-medium pafe-vertical-timeline-content__content\"><p>Calle estado 279, segundo piso<\/p><\/div>\n\t\t\t\n\t\t\t\t\t\t<div class=\"flex justify-between items-center pafe-vertical-timeline__dates\">\n\t\t\t\t\t        \n\t\t\t\t\t        \t\n\t\t\t\t\t    <\/div> \t\t\t\t\t\t\t\n\t\t\t\t\t<\/div> \n\t\t\t\t\t\t\t\t\n\t\t\t<\/div>\t  \n\t\t\t\n\t\t<\/div>\n\t\t\t\t\t\t<\/div>\n\t\t\t\t<\/div>\n\t\t\t\t<\/div>\n\t\t\t\t<\/div>\n\t\t\t\t\t<\/div>\n\t\t\t\t<\/div>\n\t\t\t\t<\/div>\n\t\t","protected":false},"excerpt":{"rendered":"<p>Direcci\u00f3n Administraci\u00f3n y Finanzas, tiene por objeto administrar los recursos financieros y materiales de la Municipalidad, optimizando su utilizaci\u00f3n, adem\u00e1s de llevar la Contabilidad Presupuestaria y Financiera de acuerdo a las disposiciones vigentes e instrucciones t\u00e9cnicas emanadas de la Contralor\u00eda General de la Rep\u00fablica. La Direcci\u00f3n de Administraci\u00f3n y Finanzas deber\u00e1 cumplir las siguientes funciones: [&hellip;]<\/p>\n","protected":false},"author":1,"featured_media":0,"parent":0,"menu_order":0,"comment_status":"closed","ping_status":"closed","template":"","meta":{"footnotes":""},"class_list":["post-608","page","type-page","status-publish","hentry"],"rttpg_featured_image_url":null,"rttpg_author":{"display_name":"municco","author_link":"https:\/\/www.curico.cl\/home\/author\/municco\/"},"rttpg_comment":0,"rttpg_category":null,"rttpg_excerpt":"Direcci\u00f3n Administraci\u00f3n y Finanzas, tiene por objeto administrar los recursos financieros y materiales de la Municipalidad, optimizando su utilizaci\u00f3n, adem\u00e1s de llevar la Contabilidad Presupuestaria y Financiera de acuerdo a las disposiciones vigentes e instrucciones t\u00e9cnicas emanadas de la Contralor\u00eda General de la Rep\u00fablica. La Direcci\u00f3n de Administraci\u00f3n y Finanzas deber\u00e1 cumplir las siguientes funciones:&hellip;","_links":{"self":[{"href":"https:\/\/www.curico.cl\/home\/wp-json\/wp\/v2\/pages\/608","targetHints":{"allow":["GET"]}}],"collection":[{"href":"https:\/\/www.curico.cl\/home\/wp-json\/wp\/v2\/pages"}],"about":[{"href":"https:\/\/www.curico.cl\/home\/wp-json\/wp\/v2\/types\/page"}],"author":[{"embeddable":true,"href":"https:\/\/www.curico.cl\/home\/wp-json\/wp\/v2\/users\/1"}],"replies":[{"embeddable":true,"href":"https:\/\/www.curico.cl\/home\/wp-json\/wp\/v2\/comments?post=608"}],"version-history":[{"count":6,"href":"https:\/\/www.curico.cl\/home\/wp-json\/wp\/v2\/pages\/608\/revisions"}],"predecessor-version":[{"id":4512,"href":"https:\/\/www.curico.cl\/home\/wp-json\/wp\/v2\/pages\/608\/revisions\/4512"}],"wp:attachment":[{"href":"https:\/\/www.curico.cl\/home\/wp-json\/wp\/v2\/media?parent=608"}],"curies":[{"name":"wp","href":"https:\/\/api.w.org\/{rel}","templated":true}]}}