{"id":5964,"date":"2026-05-12T11:46:54","date_gmt":"2026-05-12T15:46:54","guid":{"rendered":"https:\/\/www.curico.cl\/home\/?page_id=5964"},"modified":"2026-05-12T11:55:23","modified_gmt":"2026-05-12T15:55:23","slug":"5ta-version-concurso-curicanas","status":"publish","type":"page","link":"https:\/\/www.curico.cl\/home\/5ta-version-concurso-curicanas\/","title":{"rendered":"5ta Versi\u00f3n Concurso CURICANAS"},"content":{"rendered":"\t\t<div data-elementor-type=\"wp-page\" data-elementor-id=\"5964\" class=\"elementor elementor-5964\" data-elementor-post-type=\"page\">\n\t\t\t\t<div class=\"elementor-element elementor-element-1492bc5 e-flex e-con-boxed e-con e-parent\" data-id=\"1492bc5\" data-element_type=\"container\" data-e-type=\"container\">\n\t\t\t\t\t<div class=\"e-con-inner\">\n\t\t\t\t<div class=\"elementor-element elementor-element-4a2a81b elementor-widget elementor-widget-heading\" data-id=\"4a2a81b\" data-element_type=\"widget\" data-e-type=\"widget\" data-widget_type=\"heading.default\">\n\t\t\t\t<div class=\"elementor-widget-container\">\n\t\t\t\t\t<h5 class=\"elementor-heading-title elementor-size-default\">Enmarcado en la Conmemoraci\u00f3n del D\u00eda Internacional de la Mujer, la I. Municipalidad de Curic\u00f3 a trav\u00e9s de la Direcci\u00f3n de Desarrollo Comunitario y la Oficina de la Mujer, convocan al concurso \u201cCuricana, Valor e Inspiraci\u00f3n a\u00f1o 2026\u201d <\/h5>\t\t\t\t<\/div>\n\t\t\t\t<\/div>\n\t\t\t\t\t<\/div>\n\t\t\t\t<\/div>\n\t\t<div class=\"elementor-element elementor-element-1365455 e-flex e-con-boxed e-con e-parent\" data-id=\"1365455\" data-element_type=\"container\" data-e-type=\"container\">\n\t\t\t\t\t<div class=\"e-con-inner\">\n\t\t<div class=\"elementor-element elementor-element-101b4ed e-con-full e-flex e-con e-child\" data-id=\"101b4ed\" data-element_type=\"container\" data-e-type=\"container\">\n\t\t\t\t<div class=\"elementor-element elementor-element-b9e648d elementor-widget elementor-widget-heading\" data-id=\"b9e648d\" data-element_type=\"widget\" data-e-type=\"widget\" data-widget_type=\"heading.default\">\n\t\t\t\t<div class=\"elementor-widget-container\">\n\t\t\t\t\t<h5 class=\"elementor-heading-title elementor-size-default\"><a href=\"https:\/\/www.curico.cl\/home\/wp-content\/uploads\/2026\/05\/Bases-Curicanas-valor-e-ano-2026.pdf\" target=\"_blank\">DESCARGAR BASES<\/a><\/h5>\t\t\t\t<\/div>\n\t\t\t\t<\/div>\n\t\t\t\t<\/div>\n\t\t<div class=\"elementor-element elementor-element-f1ffc65 e-con-full e-flex e-con e-child\" data-id=\"f1ffc65\" data-element_type=\"container\" data-e-type=\"container\">\n\t\t\t\t<div class=\"elementor-element elementor-element-de8790e elementor-widget elementor-widget-heading\" data-id=\"de8790e\" data-element_type=\"widget\" data-e-type=\"widget\" data-widget_type=\"heading.default\">\n\t\t\t\t<div class=\"elementor-widget-container\">\n\t\t\t\t\t<h5 class=\"elementor-heading-title elementor-size-default\"><a href=\"https:\/\/www.curico.cl\/home\/wp-content\/uploads\/2026\/05\/Formulario.docx\" target=\"_blank\">DESCARGAR FORMULARIO POSTULACI\u00d3N<\/a><\/h5>\t\t\t\t<\/div>\n\t\t\t\t<\/div>\n\t\t\t\t<\/div>\n\t\t\t\t\t<\/div>\n\t\t\t\t<\/div>\n\t\t\t\t<\/div>\n\t\t","protected":false},"excerpt":{"rendered":"<p>Enmarcado en la Conmemoraci\u00f3n del D\u00eda Internacional de la Mujer, la I. Municipalidad de Curic\u00f3 a trav\u00e9s de la Direcci\u00f3n de Desarrollo Comunitario y la Oficina de la Mujer, convocan al concurso \u201cCuricana, Valor e Inspiraci\u00f3n a\u00f1o 2026\u201d DESCARGAR BASES DESCARGAR FORMULARIO POSTULACI\u00d3N<\/p>\n","protected":false},"author":1,"featured_media":0,"parent":0,"menu_order":0,"comment_status":"closed","ping_status":"closed","template":"","meta":{"footnotes":""},"class_list":["post-5964","page","type-page","status-publish","hentry"],"rttpg_featured_image_url":null,"rttpg_author":{"display_name":"municco","author_link":"https:\/\/www.curico.cl\/home\/author\/municco\/"},"rttpg_comment":0,"rttpg_category":null,"rttpg_excerpt":"Enmarcado en la Conmemoraci\u00f3n del D\u00eda Internacional de la Mujer, la I. Municipalidad de Curic\u00f3 a trav\u00e9s de la Direcci\u00f3n de Desarrollo Comunitario y la Oficina de la Mujer, convocan al concurso \u201cCuricana, Valor e Inspiraci\u00f3n a\u00f1o 2026\u201d DESCARGAR BASES DESCARGAR FORMULARIO POSTULACI\u00d3N","_links":{"self":[{"href":"https:\/\/www.curico.cl\/home\/wp-json\/wp\/v2\/pages\/5964","targetHints":{"allow":["GET"]}}],"collection":[{"href":"https:\/\/www.curico.cl\/home\/wp-json\/wp\/v2\/pages"}],"about":[{"href":"https:\/\/www.curico.cl\/home\/wp-json\/wp\/v2\/types\/page"}],"author":[{"embeddable":true,"href":"https:\/\/www.curico.cl\/home\/wp-json\/wp\/v2\/users\/1"}],"replies":[{"embeddable":true,"href":"https:\/\/www.curico.cl\/home\/wp-json\/wp\/v2\/comments?post=5964"}],"version-history":[{"count":6,"href":"https:\/\/www.curico.cl\/home\/wp-json\/wp\/v2\/pages\/5964\/revisions"}],"predecessor-version":[{"id":5975,"href":"https:\/\/www.curico.cl\/home\/wp-json\/wp\/v2\/pages\/5964\/revisions\/5975"}],"wp:attachment":[{"href":"https:\/\/www.curico.cl\/home\/wp-json\/wp\/v2\/media?parent=5964"}],"curies":[{"name":"wp","href":"https:\/\/api.w.org\/{rel}","templated":true}]}}