{"id":422,"date":"2023-05-13T17:33:13","date_gmt":"2023-05-13T17:33:13","guid":{"rendered":"https:\/\/demo.themesdaddy.com\/flixita-pro\/?page_id=7"},"modified":"2025-10-05T21:20:06","modified_gmt":"2025-10-06T00:20:06","slug":"home","status":"publish","type":"page","link":"https:\/\/www.curico.cl\/home\/","title":{"rendered":"Home"},"content":{"rendered":"\t\t<div data-elementor-type=\"wp-page\" data-elementor-id=\"422\" class=\"elementor elementor-422\" data-elementor-post-type=\"page\">\n\t\t\t\t<div class=\"elementor-element elementor-element-2d3d70c e-grid e-con-full e-con e-parent\" data-id=\"2d3d70c\" data-element_type=\"container\" data-e-type=\"container\">\n\t\t\t\t<div class=\"elementor-element elementor-element-014ac55 elementor-widget elementor-widget-image\" data-id=\"014ac55\" data-element_type=\"widget\" data-e-type=\"widget\" data-widget_type=\"image.default\">\n\t\t\t\t<div class=\"elementor-widget-container\">\n\t\t\t\t\t\t\t\t\t\t\t\t\t\t\t\t<a href=\"https:\/\/www.culturalcurico.cl\/\" target=\"_blank\">\n\t\t\t\t\t\t\t<img fetchpriority=\"high\" decoding=\"async\" width=\"1024\" height=\"380\" src=\"https:\/\/www.curico.cl\/home\/wp-content\/uploads\/2025\/02\/CULTURA-1024x380.webp\" class=\"elementor-animation-bounce-out attachment-large size-large wp-image-3338\" alt=\"\" srcset=\"https:\/\/www.curico.cl\/home\/wp-content\/uploads\/2025\/02\/CULTURA-1024x380.webp 1024w, https:\/\/www.curico.cl\/home\/wp-content\/uploads\/2025\/02\/CULTURA-600x223.webp 600w, https:\/\/www.curico.cl\/home\/wp-content\/uploads\/2025\/02\/CULTURA-768x285.webp 768w, https:\/\/www.curico.cl\/home\/wp-content\/uploads\/2025\/02\/CULTURA.webp 1283w\" sizes=\"(max-width: 1024px) 100vw, 1024px\" \/>\t\t\t\t\t\t\t\t<\/a>\n\t\t\t\t\t\t\t\t\t\t\t\t\t\t\t<\/div>\n\t\t\t\t<\/div>\n\t\t\t\t<div class=\"elementor-element elementor-element-206c3d0 elementor-widget elementor-widget-image\" data-id=\"206c3d0\" data-element_type=\"widget\" data-e-type=\"widget\" data-widget_type=\"image.default\">\n\t\t\t\t<div class=\"elementor-widget-container\">\n\t\t\t\t\t\t\t\t\t\t\t\t\t\t\t\t<a href=\"https:\/\/teatroprovincialcurico.cl\/\" target=\"_blank\">\n\t\t\t\t\t\t\t<img decoding=\"async\" width=\"1024\" height=\"381\" src=\"https:\/\/www.curico.cl\/home\/wp-content\/uploads\/2025\/02\/TEATRO-1024x381.webp\" class=\"elementor-animation-bounce-out attachment-large size-large wp-image-3337\" alt=\"\" srcset=\"https:\/\/www.curico.cl\/home\/wp-content\/uploads\/2025\/02\/TEATRO-1024x381.webp 1024w, https:\/\/www.curico.cl\/home\/wp-content\/uploads\/2025\/02\/TEATRO-600x223.webp 600w, https:\/\/www.curico.cl\/home\/wp-content\/uploads\/2025\/02\/TEATRO-768x286.webp 768w, https:\/\/www.curico.cl\/home\/wp-content\/uploads\/2025\/02\/TEATRO.webp 1278w\" sizes=\"(max-width: 1024px) 100vw, 1024px\" \/>\t\t\t\t\t\t\t\t<\/a>\n\t\t\t\t\t\t\t\t\t\t\t\t\t\t\t<\/div>\n\t\t\t\t<\/div>\n\t\t\t\t<div class=\"elementor-element elementor-element-034c508 elementor-widget elementor-widget-image\" data-id=\"034c508\" data-element_type=\"widget\" data-e-type=\"widget\" data-widget_type=\"image.default\">\n\t\t\t\t<div class=\"elementor-widget-container\">\n\t\t\t\t\t\t\t\t\t\t\t\t\t\t\t\t<a href=\"https:\/\/somosprocurico.cl\/\" target=\"_blank\">\n\t\t\t\t\t\t\t<img decoding=\"async\" width=\"1024\" height=\"381\" src=\"https:\/\/www.curico.cl\/home\/wp-content\/uploads\/2025\/02\/FOMENTO-1024x381.webp\" class=\"elementor-animation-bounce-out attachment-large size-large wp-image-3339\" alt=\"\" srcset=\"https:\/\/www.curico.cl\/home\/wp-content\/uploads\/2025\/02\/FOMENTO-1024x381.webp 1024w, https:\/\/www.curico.cl\/home\/wp-content\/uploads\/2025\/02\/FOMENTO-600x223.webp 600w, https:\/\/www.curico.cl\/home\/wp-content\/uploads\/2025\/02\/FOMENTO-768x286.webp 768w, https:\/\/www.curico.cl\/home\/wp-content\/uploads\/2025\/02\/FOMENTO.webp 1278w\" sizes=\"(max-width: 1024px) 100vw, 1024px\" \/>\t\t\t\t\t\t\t\t<\/a>\n\t\t\t\t\t\t\t\t\t\t\t\t\t\t\t<\/div>\n\t\t\t\t<\/div>\n\t\t\t\t<div class=\"elementor-element elementor-element-8f69885 elementor-widget elementor-widget-image\" data-id=\"8f69885\" data-element_type=\"widget\" data-e-type=\"widget\" data-widget_type=\"image.default\">\n\t\t\t\t<div class=\"elementor-widget-container\">\n\t\t\t\t\t\t\t\t\t\t\t\t\t\t\t\t<a href=\"https:\/\/daemcurico.cl\/\" target=\"_blank\">\n\t\t\t\t\t\t\t<img loading=\"lazy\" decoding=\"async\" width=\"1024\" height=\"380\" src=\"https:\/\/www.curico.cl\/home\/wp-content\/uploads\/2025\/02\/DAEM-1024x380.webp\" class=\"elementor-animation-bounce-out attachment-large size-large wp-image-3347\" alt=\"\" srcset=\"https:\/\/www.curico.cl\/home\/wp-content\/uploads\/2025\/02\/DAEM-1024x380.webp 1024w, https:\/\/www.curico.cl\/home\/wp-content\/uploads\/2025\/02\/DAEM-600x223.webp 600w, https:\/\/www.curico.cl\/home\/wp-content\/uploads\/2025\/02\/DAEM-768x285.webp 768w, https:\/\/www.curico.cl\/home\/wp-content\/uploads\/2025\/02\/DAEM.webp 1283w\" sizes=\"(max-width: 1024px) 100vw, 1024px\" \/>\t\t\t\t\t\t\t\t<\/a>\n\t\t\t\t\t\t\t\t\t\t\t\t\t\t\t<\/div>\n\t\t\t\t<\/div>\n\t\t\t\t<div class=\"elementor-element elementor-element-fede269 elementor-widget elementor-widget-image\" data-id=\"fede269\" data-element_type=\"widget\" data-e-type=\"widget\" data-widget_type=\"image.default\">\n\t\t\t\t<div class=\"elementor-widget-container\">\n\t\t\t\t\t\t\t\t\t\t\t\t\t\t\t\t<a href=\"https:\/\/www.instagram.com\/corporaciondedeportescurico\" target=\"_blank\">\n\t\t\t\t\t\t\t<img loading=\"lazy\" decoding=\"async\" width=\"1024\" height=\"380\" src=\"https:\/\/www.curico.cl\/home\/wp-content\/uploads\/2025\/02\/CORDEP-1024x380.webp\" class=\"elementor-animation-bounce-out attachment-large size-large wp-image-3343\" alt=\"\" srcset=\"https:\/\/www.curico.cl\/home\/wp-content\/uploads\/2025\/02\/CORDEP-1024x380.webp 1024w, https:\/\/www.curico.cl\/home\/wp-content\/uploads\/2025\/02\/CORDEP-600x223.webp 600w, https:\/\/www.curico.cl\/home\/wp-content\/uploads\/2025\/02\/CORDEP-768x285.webp 768w, https:\/\/www.curico.cl\/home\/wp-content\/uploads\/2025\/02\/CORDEP.webp 1283w\" sizes=\"(max-width: 1024px) 100vw, 1024px\" \/>\t\t\t\t\t\t\t\t<\/a>\n\t\t\t\t\t\t\t\t\t\t\t\t\t\t\t<\/div>\n\t\t\t\t<\/div>\n\t\t\t\t<\/div>\n\t\t<div class=\"elementor-element elementor-element-1dfc8db e-con-full e-flex e-con e-parent\" data-id=\"1dfc8db\" data-element_type=\"container\" data-e-type=\"container\">\n\t\t\t\t<div class=\"elementor-element elementor-element-6ec7cf5 section-title-style-style3 title-alignment-justify meta-visibility-show title_position_default title_hover_border_default title-default img_hover_animation_default meta_position_default readmore-btn-default-style grid-hover-overlay-type-always tpg-el-box-border-enable tpg-border-bottom-disable elementor-widget elementor-widget-tpg-grid-layout\" data-id=\"6ec7cf5\" data-element_type=\"widget\" data-e-type=\"widget\" data-widget_type=\"tpg-grid-layout.default\">\n\t\t\t\t<div class=\"elementor-widget-container\">\n\t\t\t\t\t\t\t<div class=\"rt-container-fluid rt-tpg-container tpg-el-main-wrapper clearfix grid-layout4-main \"\n\t\t\t id=\"rt-tpg-container-3623553874\"\n\t\t\t data-layout=\"grid-layout4\"\n\t\t\t data-grid-style=\"tpg-full-height\"\n\t\t\t data-sc-id=\"elementor\"\n\t\t\t data-el-settings=''\n\t\t\t data-el-query=''\n\t\t\t data-el-path=''\n\t\t>\n\t\t\t\t\t\t<div class='tpg-header-wrapper '>\n\t\t\t\t\n        <div class=\"tpg-widget-heading-wrapper rt-clear heading-style3 \">\n            <span class=\"tpg-widget-heading-line line-left\"><\/span>\n            <h5 class='tpg-widget-heading'>\n            \n                                    <span>\n\t\t\t\t\t\tCURIC\u00d3 INFORMA\t\t\t\t\t<\/span>\n                    \n                            <\/h5>            <span class=\"tpg-widget-heading-line line-right\"><\/span>\n\n            \n        <\/div>\n\n        \n        \t\t\t<\/div>\n\n\t\t\t<div data-title=\"Loading ...\" class=\"rt-row rt-content-loader grid-layout4 grid-behaviour tpg-full-height grid_layout_wrapper\">\n\t\t\t\t\n<div class=\"rt-col-md-4 rt-col-sm-6 rt-col-xs-12 default rt-grid-item\" data-id=\"5956\">\n\t<div class=\"rt-holder tpg-post-holder \">\n\t\t<div class=\"rt-detail rt-el-content-wrapper\">\n\t\t\t\t\t\t\t<div class=\"rt-img-holder tpg-el-image-wrap has-thumbnail\">\n\t\t\t\t\t<a data-id=\"5956\" href=\"https:\/\/www.curico.cl\/home\/municipalidad-de-curico-celebro-a-las-mamas-en-su-dia\/\" class=\"tpg-post-link\" target=\"_self\">                        <img loading=\"lazy\" decoding=\"async\" src=\"https:\/\/www.curico.cl\/home\/wp-content\/uploads\/2026\/05\/WhatsApp-Image-2026-05-09-at-5.30.17-PM-768x576.jpeg\"\n                             class=\"rt-img-responsive\"\n                             width=\"768\"\n                             height=\"576\"\n                             alt=\"Municipalidad de Curic\u00f3 celebr\u00f3 a las mam\u00e1s en su d\u00eda\">\n                        \n                            \n        <\/a>\n                <div class=\"overlay grid-hover-content\"><\/div>\n        \t\t\t\t<\/div>\n\t\t\t\n\t\t\t<div class=\"entry-title-wrapper\"><h3 class=\"entry-title\"><a data-id=\"5956\" href=\"https:\/\/www.curico.cl\/home\/municipalidad-de-curico-celebro-a-las-mamas-en-su-dia\/\" class=\"tpg-post-link\" target=\"_self\">Municipalidad de Curic\u00f3 celebr\u00f3 a las mam\u00e1s en su d\u00eda<\/a><\/h3><\/div>\n\t\t\t\t\t\t\t<div class=\"post-meta-tags rt-el-post-meta\">\n\t\t\t\t\t            <span class='date'>\n\t\t\t\t<i class='far fa-calendar-alt '><\/i>                                    <a href=\"https:\/\/www.curico.cl\/home\/2026\/05\/11\/\">\n\t\t\t\t\tmayo 11, 2026\t\t\t\t<\/a>\n                \t\t\t<\/span>\n            \t\t\t\t<\/div>\n\t\t\t\n\t\t\t\t\t\t\t<div class=\"tpg-excerpt tpg-el-excerpt\">\n\t\t\t\t\t\t\t\t\t\t\t<div class=\"tpg-excerpt-inner\">\n\t\t\t\t\t\t\tCentenares de mujeres disfrutaron del espect\u00e1culo preparado por el municipio curicano. Felices y contentas se mostraron las madres asistentes al gran evento masivo realizado por la Municipalidad de Curic\u00f3 en...\t\t\t\t\t\t<\/div>\n\t\t\t\t\t\t\t\t\t\t\t\t\t\t<\/div>\n\t\t\t\n\t\t\t        <div class=\"post-footer\">\n            <div class=\"post-footer\">\n                <div class=\"read-more\">\n                    <a data-id=\"5956\" href=\"https:\/\/www.curico.cl\/home\/municipalidad-de-curico-celebro-a-las-mamas-en-su-dia\/\" class=\"tpg-post-link\" target=\"_self\">Leer m\u00e1s<\/a>                <\/div>\n            <\/div>\n        <\/div>\n        \t\t<\/div>\n\t<\/div>\n<\/div>\n\n<div class=\"rt-col-md-4 rt-col-sm-6 rt-col-xs-12 default rt-grid-item\" data-id=\"5952\">\n\t<div class=\"rt-holder tpg-post-holder \">\n\t\t<div class=\"rt-detail rt-el-content-wrapper\">\n\t\t\t\t\t\t\t<div class=\"rt-img-holder tpg-el-image-wrap has-thumbnail\">\n\t\t\t\t\t<a data-id=\"5952\" href=\"https:\/\/www.curico.cl\/home\/municipio-de-curico-y-resimple-ampliaran-reciclaje-a-toda-la-zona-urbana-de-la-comuna\/\" class=\"tpg-post-link\" target=\"_self\">                        <img loading=\"lazy\" decoding=\"async\" src=\"https:\/\/www.curico.cl\/home\/wp-content\/uploads\/2026\/05\/WhatsApp-Image-2026-05-05-at-12.35.27-1-768x576.jpeg\"\n                             class=\"rt-img-responsive\"\n                             width=\"768\"\n                             height=\"576\"\n                             alt=\"Municipio de Curic\u00f3 y ReSimple ampliar\u00e1n reciclaje a toda la zona urbana de la comuna\">\n                        \n                            \n        <\/a>\n                <div class=\"overlay grid-hover-content\"><\/div>\n        \t\t\t\t<\/div>\n\t\t\t\n\t\t\t<div class=\"entry-title-wrapper\"><h3 class=\"entry-title\"><a data-id=\"5952\" href=\"https:\/\/www.curico.cl\/home\/municipio-de-curico-y-resimple-ampliaran-reciclaje-a-toda-la-zona-urbana-de-la-comuna\/\" class=\"tpg-post-link\" target=\"_self\">Municipio de Curic\u00f3 y ReSimple ampliar\u00e1n reciclaje a toda la zona urbana de la comuna<\/a><\/h3><\/div>\n\t\t\t\t\t\t\t<div class=\"post-meta-tags rt-el-post-meta\">\n\t\t\t\t\t            <span class='date'>\n\t\t\t\t<i class='far fa-calendar-alt '><\/i>                                    <a href=\"https:\/\/www.curico.cl\/home\/2026\/05\/06\/\">\n\t\t\t\t\tmayo 6, 2026\t\t\t\t<\/a>\n                \t\t\t<\/span>\n            \t\t\t\t<\/div>\n\t\t\t\n\t\t\t\t\t\t\t<div class=\"tpg-excerpt tpg-el-excerpt\">\n\t\t\t\t\t\t\t\t\t\t\t<div class=\"tpg-excerpt-inner\">\n\t\t\t\t\t\t\tAlcalde George Bordachar anunci\u00f3 el inicio de la entrega de los sacos amarillos y verdes en el pol\u00edgono que faltaba. A fines de mayo se inicia la recolecci\u00f3n en marcha...\t\t\t\t\t\t<\/div>\n\t\t\t\t\t\t\t\t\t\t\t\t\t\t<\/div>\n\t\t\t\n\t\t\t        <div class=\"post-footer\">\n            <div class=\"post-footer\">\n                <div class=\"read-more\">\n                    <a data-id=\"5952\" href=\"https:\/\/www.curico.cl\/home\/municipio-de-curico-y-resimple-ampliaran-reciclaje-a-toda-la-zona-urbana-de-la-comuna\/\" class=\"tpg-post-link\" target=\"_self\">Leer m\u00e1s<\/a>                <\/div>\n            <\/div>\n        <\/div>\n        \t\t<\/div>\n\t<\/div>\n<\/div>\n\n<div class=\"rt-col-md-4 rt-col-sm-6 rt-col-xs-12 default rt-grid-item\" data-id=\"5949\">\n\t<div class=\"rt-holder tpg-post-holder \">\n\t\t<div class=\"rt-detail rt-el-content-wrapper\">\n\t\t\t\t\t\t\t<div class=\"rt-img-holder tpg-el-image-wrap has-thumbnail\">\n\t\t\t\t\t<a data-id=\"5949\" href=\"https:\/\/www.curico.cl\/home\/destacan-izamiento-de-la-bandera-en-la-plaza-de-armas-de-curico\/\" class=\"tpg-post-link\" target=\"_self\">                        <img loading=\"lazy\" decoding=\"async\" src=\"https:\/\/www.curico.cl\/home\/wp-content\/uploads\/2026\/05\/Foto-1-Bandera-768x487.jpg\"\n                             class=\"rt-img-responsive\"\n                             width=\"768\"\n                             height=\"487\"\n                             alt=\"Destacan izamiento de la bandera en la Plaza de Armas de Curic\u00f3\">\n                        \n                            \n        <\/a>\n                <div class=\"overlay grid-hover-content\"><\/div>\n        \t\t\t\t<\/div>\n\t\t\t\n\t\t\t<div class=\"entry-title-wrapper\"><h3 class=\"entry-title\"><a data-id=\"5949\" href=\"https:\/\/www.curico.cl\/home\/destacan-izamiento-de-la-bandera-en-la-plaza-de-armas-de-curico\/\" class=\"tpg-post-link\" target=\"_self\">Destacan izamiento de la bandera en la Plaza de Armas de Curic\u00f3<\/a><\/h3><\/div>\n\t\t\t\t\t\t\t<div class=\"post-meta-tags rt-el-post-meta\">\n\t\t\t\t\t            <span class='date'>\n\t\t\t\t<i class='far fa-calendar-alt '><\/i>                                    <a href=\"https:\/\/www.curico.cl\/home\/2026\/05\/06\/\">\n\t\t\t\t\tmayo 6, 2026\t\t\t\t<\/a>\n                \t\t\t<\/span>\n            \t\t\t\t<\/div>\n\t\t\t\n\t\t\t\t\t\t\t<div class=\"tpg-excerpt tpg-el-excerpt\">\n\t\t\t\t\t\t\t\t\t\t\t<div class=\"tpg-excerpt-inner\">\n\t\t\t\t\t\t\tAlcalde George Bordachar valor\u00f3 el esp\u00edritu c\u00edvico y la participaci\u00f3n ciudadana en la actividad. Con un importante marco de p\u00fablico se desarroll\u00f3 el pasado domingo, en la Plaza de Armas...\t\t\t\t\t\t<\/div>\n\t\t\t\t\t\t\t\t\t\t\t\t\t\t<\/div>\n\t\t\t\n\t\t\t        <div class=\"post-footer\">\n            <div class=\"post-footer\">\n                <div class=\"read-more\">\n                    <a data-id=\"5949\" href=\"https:\/\/www.curico.cl\/home\/destacan-izamiento-de-la-bandera-en-la-plaza-de-armas-de-curico\/\" class=\"tpg-post-link\" target=\"_self\">Leer m\u00e1s<\/a>                <\/div>\n            <\/div>\n        <\/div>\n        \t\t<\/div>\n\t<\/div>\n<\/div>\n\t\t\t<\/div>\n\t\t\t\n\t\t<\/div>\n\t\t\t\t\t\t<\/div>\n\t\t\t\t<\/div>\n\t\t\t\t<div class=\"elementor-element elementor-element-6f487fa elementor-widget elementor-widget-eael-creative-button\" data-id=\"6f487fa\" data-element_type=\"widget\" data-e-type=\"widget\" data-widget_type=\"eael-creative-button.default\">\n\t\t\t\t<div class=\"elementor-widget-container\">\n\t\t\t\t\t        <div class=\"eael-creative-button-wrapper\">\n\n            <a class=\"eael-creative-button eael-creative-button--default eael-cb-icon-position-left\" href=\"https:\/\/www.curico.cl\/home\/noticias\/\" data-text=\"Go!\">\n            \t    \n                <div class=\"creative-button-inner\">\n\n                                            <span class=\"eael-creative-button-icon-left\"><svg aria-hidden=\"true\" class=\"e-font-icon-svg e-far-eye\" viewBox=\"0 0 576 512\" xmlns=\"http:\/\/www.w3.org\/2000\/svg\"><path d=\"M288 144a110.94 110.94 0 0 0-31.24 5 55.4 55.4 0 0 1 7.24 27 56 56 0 0 1-56 56 55.4 55.4 0 0 1-27-7.24A111.71 111.71 0 1 0 288 144zm284.52 97.4C518.29 135.59 410.93 64 288 64S57.68 135.64 3.48 241.41a32.35 32.35 0 0 0 0 29.19C57.71 376.41 165.07 448 288 448s230.32-71.64 284.52-177.41a32.35 32.35 0 0 0 0-29.19zM288 400c-98.65 0-189.09-55-237.93-144C98.91 167 189.34 112 288 112s189.09 55 237.93 144C477.1 345 386.66 400 288 400z\"><\/path><\/svg><\/span>                    \n                    <span class=\"cretive-button-text\">VER TODAS LAS NOTICIAS<\/span>\n\n                                    <\/div>\n\t                        <\/a>\n        <\/div>\n        \t\t\t\t<\/div>\n\t\t\t\t<\/div>\n\t\t\t\t<\/div>\n\t\t<div class=\"elementor-element elementor-element-0180c81 e-con-full e-flex e-con e-parent\" data-id=\"0180c81\" data-element_type=\"container\" data-e-type=\"container\">\n\t\t\t\t<div class=\"elementor-element elementor-element-78f6165 elementor-widget elementor-widget-image\" data-id=\"78f6165\" data-element_type=\"widget\" data-e-type=\"widget\" data-widget_type=\"image.default\">\n\t\t\t\t<div class=\"elementor-widget-container\">\n\t\t\t\t\t\t\t\t\t\t\t\t\t\t\t\t<a href=\"tel:1484\">\n\t\t\t\t\t\t\t<img loading=\"lazy\" decoding=\"async\" width=\"2000\" height=\"257\" src=\"https:\/\/www.curico.cl\/home\/wp-content\/uploads\/2025\/03\/banner-e1741138061805.webp\" class=\"attachment-full size-full wp-image-3526\" alt=\"\" \/>\t\t\t\t\t\t\t\t<\/a>\n\t\t\t\t\t\t\t\t\t\t\t\t\t\t\t<\/div>\n\t\t\t\t<\/div>\n\t\t\t\t<\/div>\n\t\t\t\t<\/div>\n\t\t","protected":false},"excerpt":{"rendered":"<p>CURIC\u00d3 INFORMA Cecosf Prosperidad celebr\u00f3 19 a\u00f1os de servicio a la comunidad con mirada puesta en su nuevo centro de salud octubre 3, 2025 El aniversario fue un espacio para destacar el compromiso del equipo de salud con la comunidad y proyectar la futura atenci\u00f3n en las nuevas instalaciones, que est\u00e1n pronto a ser&#8230; Leer [&hellip;]<\/p>\n","protected":false},"author":1,"featured_media":0,"parent":0,"menu_order":0,"comment_status":"closed","ping_status":"closed","template":"page-templates\/frontpage.php","meta":{"footnotes":""},"class_list":["post-422","page","type-page","status-publish","hentry"],"rttpg_featured_image_url":null,"rttpg_author":{"display_name":"municco","author_link":"https:\/\/www.curico.cl\/home\/author\/municco\/"},"rttpg_comment":0,"rttpg_category":"","rttpg_excerpt":"CURIC\u00d3 INFORMA Cecosf Prosperidad celebr\u00f3 19 a\u00f1os de servicio a la comunidad con mirada puesta en su nuevo centro de salud octubre 3, 2025 El aniversario fue un espacio para destacar el compromiso del equipo de salud con la comunidad y proyectar la futura atenci\u00f3n en las nuevas instalaciones, que est\u00e1n pronto a ser&#8230; Leer&hellip;","_links":{"self":[{"href":"https:\/\/www.curico.cl\/home\/wp-json\/wp\/v2\/pages\/422","targetHints":{"allow":["GET"]}}],"collection":[{"href":"https:\/\/www.curico.cl\/home\/wp-json\/wp\/v2\/pages"}],"about":[{"href":"https:\/\/www.curico.cl\/home\/wp-json\/wp\/v2\/types\/page"}],"author":[{"embeddable":true,"href":"https:\/\/www.curico.cl\/home\/wp-json\/wp\/v2\/users\/1"}],"replies":[{"embeddable":true,"href":"https:\/\/www.curico.cl\/home\/wp-json\/wp\/v2\/comments?post=422"}],"version-history":[{"count":39,"href":"https:\/\/www.curico.cl\/home\/wp-json\/wp\/v2\/pages\/422\/revisions"}],"predecessor-version":[{"id":5005,"href":"https:\/\/www.curico.cl\/home\/wp-json\/wp\/v2\/pages\/422\/revisions\/5005"}],"wp:attachment":[{"href":"https:\/\/www.curico.cl\/home\/wp-json\/wp\/v2\/media?parent=422"}],"curies":[{"name":"wp","href":"https:\/\/api.w.org\/{rel}","templated":true}]}}