{"id":2988,"date":"2025-02-06T18:08:00","date_gmt":"2025-02-06T18:08:00","guid":{"rendered":"https:\/\/www.curico.cl\/home\/?page_id=2988"},"modified":"2025-02-06T18:11:05","modified_gmt":"2025-02-06T18:11:05","slug":"pago-de-multas-empadronadas","status":"publish","type":"page","link":"https:\/\/www.curico.cl\/home\/pago-de-multas-empadronadas\/","title":{"rendered":"Pago de Multas Empadronadas"},"content":{"rendered":"\t\t<div data-elementor-type=\"wp-page\" data-elementor-id=\"2988\" class=\"elementor elementor-2988\" data-elementor-post-type=\"page\">\n\t\t\t\t<div class=\"elementor-element elementor-element-4b6b159 e-flex e-con-boxed e-con e-parent\" data-id=\"4b6b159\" data-element_type=\"container\" data-e-type=\"container\">\n\t\t\t\t\t<div class=\"e-con-inner\">\n\t\t\t\t<div class=\"elementor-element elementor-element-1d8d2cbd elementor-widget elementor-widget-text-editor\" data-id=\"1d8d2cbd\" data-element_type=\"widget\" data-e-type=\"widget\" data-widget_type=\"text-editor.default\">\n\t\t\t\t<div class=\"elementor-widget-container\">\n\t\t\t\t\t\t\t\t\t<p style=\"text-align: justify;\">Con arreglo a la norma legal en comento, cualquier persona que hubiere sido denunciada ante los Juzgados de Polic\u00eda de la Ilustre Municipalidad de Curic\u00f3, por haber incurrido en una infracci\u00f3n al actual Decreto con Fuerza de Ley No.1 del Ministerio de Justicia, publicado en el Diario Oficial con fecha 29 de Octubre de 2009, que fija el texto refundido, coordinado y sistematizado de la Ley de Tr\u00e1nsito, tiene la posibilidad de eximirse de concurrir a este Tribunal en la fecha en que hubiere sido citado, \u201csi acepta la infracci\u00f3n y la imposici\u00f3n de la multa.\u201d. En este sentido, las condiciones antes descritas se entienden en la medida que el infractor denunciado \u201cproceda a pagar la multa respectiva, dentro de quinto d\u00eda de efectuada la denuncia\u201d, ante lo cual tendr\u00e1 derecho a que del valor correspondiente a la infracci\u00f3n, se reduzca un 25% del monto a pagar. El plazo legal establecido es de d\u00edas h\u00e1biles y su c\u00f3mputo comienza al d\u00eda siguiente de haber sido cursada la denuncia.<\/p><p style=\"text-align: justify;\"><strong>\u2022\u00a0Infracciones respecto de las cuales es procedente este beneficio legal.<\/strong><\/p><p style=\"text-align: justify;\"><strong>a)<\/strong> Infracciones al Decreto con Fuerza de Ley No.1 del Ministerio de Justicia, publicado en el Diario Oficial con fecha 29 de Octubre de 2009, que fija el texto refundido, coordinado y sistematizado de la Ley de Tr\u00e1nsito;<br \/><strong>b)<\/strong> Que tengan la calificaci\u00f3n de graves, menos graves o leves, conforme a la enumeraci\u00f3n contenida en los art\u00edculos 200, 201 y 202 del texto legal en comento;<br \/><strong>c)<\/strong> Denuncias cursadas por Carabineros e Inspectores Municipales, respecto de las cuales el infractor no se encontrare presente (partes empadronados);<br \/><strong>d)<\/strong> Multa no haya sido enviada al Registro de Multas No Pagadas.<\/p><p style=\"text-align: justify;\">\u2022 El parte que contiene la denuncia, se encontrar\u00e1 disponible en el Sistema para los usuarios al tercer d\u00eda de cursada la infracci\u00f3n.<\/p><p style=\"text-align: justify;\"><strong>ESTE TR\u00c1MITE HABILITADO PARA EL SEGUNDO JUZGADO DE POLIC\u00cdA LOCAL<\/strong><\/p><p style=\"text-align: justify;\"><strong>PLATAFORMA NO DISPONIBLE PARA DISPOSITIVOS M\u00d3VILES<\/strong><\/p><p style=\"text-align: justify;\">\u00a0<\/p><p style=\"text-align: justify;\">\u00a0<\/p>\t\t\t\t\t\t\t\t<\/div>\n\t\t\t\t<\/div>\n\t\t\t\t<div class=\"elementor-element elementor-element-c197169 elementor-align-center elementor-widget elementor-widget-button\" data-id=\"c197169\" data-element_type=\"widget\" data-e-type=\"widget\" data-widget_type=\"button.default\">\n\t\t\t\t<div class=\"elementor-widget-container\">\n\t\t\t\t\t\t\t\t\t<div class=\"elementor-button-wrapper\">\n\t\t\t\t\t<a class=\"elementor-button elementor-button-link elementor-size-sm\" href=\"https:\/\/ww6.e-com.cl\/Pagos\/JPL_v3\/partes_online\/ingresoJuzgado.asp?codMunic=19\">\n\t\t\t\t\t\t<span class=\"elementor-button-content-wrapper\">\n\t\t\t\t\t\t<span class=\"elementor-button-icon\">\n\t\t\t\t<svg aria-hidden=\"true\" class=\"e-font-icon-svg e-fas-money-check-alt\" viewBox=\"0 0 640 512\" xmlns=\"http:\/\/www.w3.org\/2000\/svg\"><path d=\"M608 32H32C14.33 32 0 46.33 0 64v384c0 17.67 14.33 32 32 32h576c17.67 0 32-14.33 32-32V64c0-17.67-14.33-32-32-32zM176 327.88V344c0 4.42-3.58 8-8 8h-16c-4.42 0-8-3.58-8-8v-16.29c-11.29-.58-22.27-4.52-31.37-11.35-3.9-2.93-4.1-8.77-.57-12.14l11.75-11.21c2.77-2.64 6.89-2.76 10.13-.73 3.87 2.42 8.26 3.72 12.82 3.72h28.11c6.5 0 11.8-5.92 11.8-13.19 0-5.95-3.61-11.19-8.77-12.73l-45-13.5c-18.59-5.58-31.58-23.42-31.58-43.39 0-24.52 19.05-44.44 42.67-45.07V152c0-4.42 3.58-8 8-8h16c4.42 0 8 3.58 8 8v16.29c11.29.58 22.27 4.51 31.37 11.35 3.9 2.93 4.1 8.77.57 12.14l-11.75 11.21c-2.77 2.64-6.89 2.76-10.13.73-3.87-2.43-8.26-3.72-12.82-3.72h-28.11c-6.5 0-11.8 5.92-11.8 13.19 0 5.95 3.61 11.19 8.77 12.73l45 13.5c18.59 5.58 31.58 23.42 31.58 43.39 0 24.53-19.05 44.44-42.67 45.07zM416 312c0 4.42-3.58 8-8 8H296c-4.42 0-8-3.58-8-8v-16c0-4.42 3.58-8 8-8h112c4.42 0 8 3.58 8 8v16zm160 0c0 4.42-3.58 8-8 8h-80c-4.42 0-8-3.58-8-8v-16c0-4.42 3.58-8 8-8h80c4.42 0 8 3.58 8 8v16zm0-96c0 4.42-3.58 8-8 8H296c-4.42 0-8-3.58-8-8v-16c0-4.42 3.58-8 8-8h272c4.42 0 8 3.58 8 8v16z\"><\/path><\/svg>\t\t\t<\/span>\n\t\t\t\t\t\t\t\t\t<span class=\"elementor-button-text\">Ir al Tr\u00e1mite de Pago<\/span>\n\t\t\t\t\t<\/span>\n\t\t\t\t\t<\/a>\n\t\t\t\t<\/div>\n\t\t\t\t\t\t\t\t<\/div>\n\t\t\t\t<\/div>\n\t\t\t\t\t<\/div>\n\t\t\t\t<\/div>\n\t\t\t\t<\/div>\n\t\t","protected":false},"excerpt":{"rendered":"<p>Con arreglo a la norma legal en comento, cualquier persona que hubiere sido denunciada ante los Juzgados de Polic\u00eda de la Ilustre Municipalidad de Curic\u00f3, por haber incurrido en una infracci\u00f3n al actual Decreto con Fuerza de Ley No.1 del Ministerio de Justicia, publicado en el Diario Oficial con fecha 29 de Octubre de 2009, [&hellip;]<\/p>\n","protected":false},"author":1,"featured_media":0,"parent":0,"menu_order":0,"comment_status":"closed","ping_status":"closed","template":"","meta":{"footnotes":""},"class_list":["post-2988","page","type-page","status-publish","hentry"],"rttpg_featured_image_url":null,"rttpg_author":{"display_name":"municco","author_link":"https:\/\/www.curico.cl\/home\/author\/municco\/"},"rttpg_comment":0,"rttpg_category":null,"rttpg_excerpt":"Con arreglo a la norma legal en comento, cualquier persona que hubiere sido denunciada ante los Juzgados de Polic\u00eda de la Ilustre Municipalidad de Curic\u00f3, por haber incurrido en una infracci\u00f3n al actual Decreto con Fuerza de Ley No.1 del Ministerio de Justicia, publicado en el Diario Oficial con fecha 29 de Octubre de 2009,&hellip;","_links":{"self":[{"href":"https:\/\/www.curico.cl\/home\/wp-json\/wp\/v2\/pages\/2988","targetHints":{"allow":["GET"]}}],"collection":[{"href":"https:\/\/www.curico.cl\/home\/wp-json\/wp\/v2\/pages"}],"about":[{"href":"https:\/\/www.curico.cl\/home\/wp-json\/wp\/v2\/types\/page"}],"author":[{"embeddable":true,"href":"https:\/\/www.curico.cl\/home\/wp-json\/wp\/v2\/users\/1"}],"replies":[{"embeddable":true,"href":"https:\/\/www.curico.cl\/home\/wp-json\/wp\/v2\/comments?post=2988"}],"version-history":[{"count":0,"href":"https:\/\/www.curico.cl\/home\/wp-json\/wp\/v2\/pages\/2988\/revisions"}],"wp:attachment":[{"href":"https:\/\/www.curico.cl\/home\/wp-json\/wp\/v2\/media?parent=2988"}],"curies":[{"name":"wp","href":"https:\/\/api.w.org\/{rel}","templated":true}]}}