{"id":2814,"date":"2025-01-29T12:16:51","date_gmt":"2025-01-29T12:16:51","guid":{"rendered":"https:\/\/www.curico.cl\/home\/?page_id=2814"},"modified":"2025-08-07T17:15:11","modified_gmt":"2025-08-07T17:15:11","slug":"gabinete","status":"publish","type":"page","link":"https:\/\/www.curico.cl\/home\/gabinete\/","title":{"rendered":"gabinete"},"content":{"rendered":"\t\t<div data-elementor-type=\"wp-page\" data-elementor-id=\"2814\" class=\"elementor elementor-2814\" data-elementor-post-type=\"page\">\n\t\t\t\t<div class=\"elementor-element elementor-element-046ca0c e-con-full e-flex e-con e-parent\" data-id=\"046ca0c\" data-element_type=\"container\" data-e-type=\"container\">\n\t\t<div class=\"elementor-element elementor-element-c7928cd e-con-full e-flex e-con e-child\" data-id=\"c7928cd\" data-element_type=\"container\" data-e-type=\"container\">\n\t\t\t\t<\/div>\n\t\t<div class=\"elementor-element elementor-element-00578be e-con-full e-flex e-con e-child\" data-id=\"00578be\" data-element_type=\"container\" data-e-type=\"container\">\n\t\t\t\t<\/div>\n\t\t\t\t<\/div>\n\t\t<div class=\"elementor-element elementor-element-21d753d e-flex e-con-boxed e-con e-parent\" data-id=\"21d753d\" data-element_type=\"container\" data-e-type=\"container\">\n\t\t\t\t\t<div class=\"e-con-inner\">\n\t\t<div class=\"elementor-element elementor-element-e83bbc6 e-con-full e-flex e-con e-child\" data-id=\"e83bbc6\" data-element_type=\"container\" data-e-type=\"container\">\n\t\t\t\t<div class=\"elementor-element elementor-element-7119e5a elementor-widget elementor-widget-text-editor\" data-id=\"7119e5a\" data-element_type=\"widget\" data-e-type=\"widget\" data-widget_type=\"text-editor.default\">\n\t\t\t\t<div class=\"elementor-widget-container\">\n\t\t\t\t\t\t\t\t\t<h6 style=\"text-align: justify;\"><strong>Secci\u00f3n Gabinete de Alcald\u00eda<\/strong>, depender\u00e1 directamente del Alcalde, y tendr\u00e1 las siguientes funciones espec\u00edficas:<strong>\u00a0<\/strong><\/h6><ol><li style=\"text-align: justify;\"><h6>Programar y coordinar las actividades del Alcalde.<\/h6><\/li><li style=\"text-align: justify;\"><h6>Otorgar audiencias, concertar y coordinar entrevistas y reuniones.<\/h6><\/li><li style=\"text-align: justify;\"><h6>Requerir de las dem\u00e1s unidades municipales la informaci\u00f3n que sea pertinente en asuntos que sean sometidos a la consideraci\u00f3n de la Alcald\u00eda.<\/h6><\/li><li style=\"text-align: justify;\"><h6>Llevar a cabo todas aquellas actividades que el Alcalde le encomiende.<\/h6><\/li><li style=\"text-align: justify;\"><h6>Coordinar con el Administrador Municipal las reuniones internas de las dem\u00e1s unidades municipales.<\/h6><\/li><li style=\"text-align: justify;\"><h6>Mantener y\/o preparar el material necesario para facilitar la gesti\u00f3n del Alcalde.<\/h6><\/li><li style=\"text-align: justify;\"><h6>Mantener contacto permanente con los Concejales en todas aquellas materias de su competencia.<\/h6><\/li><li style=\"text-align: justify;\"><h6>Las dem\u00e1s materias que le encomiende el Alcalde.<\/h6><\/li><\/ol>\t\t\t\t\t\t\t\t<\/div>\n\t\t\t\t<\/div>\n\t\t\t\t<\/div>\n\t\t<div class=\"elementor-element elementor-element-cef1f35 e-con-full e-flex e-con e-child\" data-id=\"cef1f35\" data-element_type=\"container\" data-e-type=\"container\">\n\t\t<div class=\"elementor-element elementor-element-9ad0b6d e-con-full e-flex e-con e-child\" data-id=\"9ad0b6d\" data-element_type=\"container\" data-e-type=\"container\">\n\t\t\t\t<div class=\"elementor-element elementor-element-14643aa elementor-widget elementor-widget-pafe-vertical-timeline\" data-id=\"14643aa\" data-element_type=\"widget\" data-e-type=\"widget\" data-widget_type=\"pafe-vertical-timeline.default\">\n\t\t\t\t<div class=\"elementor-widget-container\">\n\t\t\t\t\t\t\t<div class=\"cd-timeline js-cd-timeline pafe-vertical-timeline\" data-pafe-vertical-timeline>\n\t\t\t<div class=\"cd-timeline__container\">\n\t\t\t\t\t<div class=\"cd-timeline__block pafe-vertical-timeline__block\">\n\t\t\t\t\t\t\t\t\t\t\n\t\t\t\t\t\t<div class=\"cd-timeline__img cd-timeline__img--picture pafe-vertical-timeline__icon\">\t\t\n\t\t\t\t\t\t\t<i class=\"fa fa-user\" aria-hidden=\"true\"><\/i>\t\n\t\t\t\t\t\t<\/div>\t\n\t\t\t\t\t\t \n\t\t\t\t\t\t\t\t\t<div class=\"cd-timeline__content text-component pafe-vertical-timeline-content\" data-pafe-vertical-timeline-content>\n\t\t\t\t\t\t<div class=\"pafe-vertical-timeline-content__title\">Jefe de Gabinete<\/div>\n\t\t\t\t\t\t<div class=\"color-contrast-medium pafe-vertical-timeline-content__content\"><p>Francisco Medina<\/p><\/div>\n\t\t\t\n\t\t\t\t\t\t<div class=\"flex justify-between items-center pafe-vertical-timeline__dates\">\n\t\t\t\t\t        \n\t\t\t\t\t        \t\n\t\t\t\t\t    <\/div> \t\t\t\t\t\t\t\n\t\t\t\t\t<\/div> \n\t\t\t\t\t\t\t\t\n\t\t\t<\/div>\t  \n\t\t\t\t\t<div class=\"cd-timeline__block pafe-vertical-timeline__block\">\n\t\t\t\t\t\t\t\t\t\t\n\t\t\t\t\t\t<div class=\"cd-timeline__img cd-timeline__img--picture pafe-vertical-timeline__icon\">\t\t\n\t\t\t\t\t\t\t<i class=\"fa fa-envelope-open\" aria-hidden=\"true\"><\/i>\t\n\t\t\t\t\t\t<\/div>\t\n\t\t\t\t\t\t \n\t\t\t\t\t\t\t\t\t<div class=\"cd-timeline__content text-component pafe-vertical-timeline-content\" data-pafe-vertical-timeline-content>\n\t\t\t\t\t\t<div class=\"pafe-vertical-timeline-content__title\">Correo<\/div>\n\t\t\t\t\t\t<div class=\"color-contrast-medium pafe-vertical-timeline-content__content\"><p>jefedegabinete@curico.cl<\/p><\/div>\n\t\t\t\n\t\t\t\t\t\t<div class=\"flex justify-between items-center pafe-vertical-timeline__dates\">\n\t\t\t\t\t        \n\t\t\t\t\t        \t\n\t\t\t\t\t    <\/div> \t\t\t\t\t\t\t\n\t\t\t\t\t<\/div> \n\t\t\t\t\t\t\t\t\n\t\t\t<\/div>\t  \n\t\t\t\t\t<div class=\"cd-timeline__block pafe-vertical-timeline__block\">\n\t\t\t\t\t\t\t\t\t\t\n\t\t\t\t\t\t<div class=\"cd-timeline__img cd-timeline__img--picture pafe-vertical-timeline__icon\">\t\t\n\t\t\t\t\t\t\t<i class=\"fa fa-map-marker\" aria-hidden=\"true\"><\/i>\t\n\t\t\t\t\t\t<\/div>\t\n\t\t\t\t\t\t \n\t\t\t\t\t\t\t\t\t<div class=\"cd-timeline__content text-component pafe-vertical-timeline-content\" data-pafe-vertical-timeline-content>\n\t\t\t\t\t\t<div class=\"pafe-vertical-timeline-content__title\">Direcci\u00f3n<\/div>\n\t\t\t\t\t\t<div class=\"color-contrast-medium pafe-vertical-timeline-content__content\"><p>Calle estado 279, seg\u00fando piso<\/p><\/div>\n\t\t\t\n\t\t\t\t\t\t<div class=\"flex justify-between items-center pafe-vertical-timeline__dates\">\n\t\t\t\t\t        \n\t\t\t\t\t        \t\n\t\t\t\t\t    <\/div> \t\t\t\t\t\t\t\n\t\t\t\t\t<\/div> \n\t\t\t\t\t\t\t\t\n\t\t\t<\/div>\t  \n\t\t\t\n\t\t<\/div>\n\t\t\t\t\t\t<\/div>\n\t\t\t\t<\/div>\n\t\t\t\t<\/div>\n\t\t\t\t<\/div>\n\t\t\t\t\t<\/div>\n\t\t\t\t<\/div>\n\t\t\t\t<\/div>\n\t\t","protected":false},"excerpt":{"rendered":"<p>Secci\u00f3n Gabinete de Alcald\u00eda, depender\u00e1 directamente del Alcalde, y tendr\u00e1 las siguientes funciones espec\u00edficas:\u00a0 Programar y coordinar las actividades del Alcalde. Otorgar audiencias, concertar y coordinar entrevistas y reuniones. Requerir de las dem\u00e1s unidades municipales la informaci\u00f3n que sea pertinente en asuntos que sean sometidos a la consideraci\u00f3n de la Alcald\u00eda. Llevar a cabo todas [&hellip;]<\/p>\n","protected":false},"author":1,"featured_media":0,"parent":0,"menu_order":0,"comment_status":"closed","ping_status":"closed","template":"elementor_header_footer","meta":{"footnotes":""},"class_list":["post-2814","page","type-page","status-publish","hentry"],"rttpg_featured_image_url":null,"rttpg_author":{"display_name":"municco","author_link":"https:\/\/www.curico.cl\/home\/author\/municco\/"},"rttpg_comment":0,"rttpg_category":null,"rttpg_excerpt":"Secci\u00f3n Gabinete de Alcald\u00eda, depender\u00e1 directamente del Alcalde, y tendr\u00e1 las siguientes funciones espec\u00edficas:\u00a0 Programar y coordinar las actividades del Alcalde. Otorgar audiencias, concertar y coordinar entrevistas y reuniones. Requerir de las dem\u00e1s unidades municipales la informaci\u00f3n que sea pertinente en asuntos que sean sometidos a la consideraci\u00f3n de la Alcald\u00eda. Llevar a cabo todas&hellip;","_links":{"self":[{"href":"https:\/\/www.curico.cl\/home\/wp-json\/wp\/v2\/pages\/2814","targetHints":{"allow":["GET"]}}],"collection":[{"href":"https:\/\/www.curico.cl\/home\/wp-json\/wp\/v2\/pages"}],"about":[{"href":"https:\/\/www.curico.cl\/home\/wp-json\/wp\/v2\/types\/page"}],"author":[{"embeddable":true,"href":"https:\/\/www.curico.cl\/home\/wp-json\/wp\/v2\/users\/1"}],"replies":[{"embeddable":true,"href":"https:\/\/www.curico.cl\/home\/wp-json\/wp\/v2\/comments?post=2814"}],"version-history":[{"count":9,"href":"https:\/\/www.curico.cl\/home\/wp-json\/wp\/v2\/pages\/2814\/revisions"}],"predecessor-version":[{"id":4612,"href":"https:\/\/www.curico.cl\/home\/wp-json\/wp\/v2\/pages\/2814\/revisions\/4612"}],"wp:attachment":[{"href":"https:\/\/www.curico.cl\/home\/wp-json\/wp\/v2\/media?parent=2814"}],"curies":[{"name":"wp","href":"https:\/\/api.w.org\/{rel}","templated":true}]}}