{"id":1213,"date":"2025-01-21T00:28:20","date_gmt":"2025-01-21T00:28:20","guid":{"rendered":"https:\/\/www.curico.cl\/home\/?page_id=1213"},"modified":"2025-03-11T13:14:07","modified_gmt":"2025-03-11T13:14:07","slug":"municipio","status":"publish","type":"page","link":"https:\/\/www.curico.cl\/home\/municipio\/","title":{"rendered":"municipio"},"content":{"rendered":"\t\t<div data-elementor-type=\"wp-page\" data-elementor-id=\"1213\" class=\"elementor elementor-1213\" data-elementor-post-type=\"page\">\n\t\t\t\t<div class=\"elementor-element elementor-element-095843a e-con-full e-flex e-con e-parent\" data-id=\"095843a\" data-element_type=\"container\" data-e-type=\"container\">\n\t\t\t\t<div class=\"elementor-element elementor-element-d94494d eael-simple-menu-hamburger-align-center eael-hamburger--tablet elementor-widget elementor-widget-eael-simple-menu\" data-id=\"d94494d\" data-element_type=\"widget\" data-e-type=\"widget\" data-widget_type=\"eael-simple-menu.default\">\n\t\t\t\t<div class=\"elementor-widget-container\">\n\t\t\t\t\t<style>\n                        @media screen and (max-width: 1024px) {\n                            .eael-hamburger--tablet {\n                                .eael-simple-menu-horizontal,\n                                .eael-simple-menu-vertical {\n                                    display: none;\n                                }\n                            }\n                            .eael-hamburger--tablet {\n                                .eael-simple-menu-container .eael-simple-menu-toggle {\n                                    display: block;\n                                }\n                            }\n                        }\n                        .eael-simple-menu-container.eael-simple-menu--loading > ul {\n                            display: -webkit-box !important;\n                            display: -ms-flexbox !important;\n                            display: flex !important;\n                            list-style: none !important;\n                        }\n                        .eael-simple-menu-container.eael-simple-menu--loading li ul {\n                            visibility: hidden !important;\n                            opacity: 0 !important;\n                        }\n                    <\/style>            <div data-hamburger-icon=\"&lt;svg aria-hidden=&quot;true&quot; class=&quot;e-font-icon-svg e-fas-bars&quot; viewBox=&quot;0 0 448 512&quot; xmlns=&quot;http:\/\/www.w3.org\/2000\/svg&quot;&gt;&lt;path d=&quot;M16 132h416c8.837 0 16-7.163 16-16V76c0-8.837-7.163-16-16-16H16C7.163 60 0 67.163 0 76v40c0 8.837 7.163 16 16 16zm0 160h416c8.837 0 16-7.163 16-16v-40c0-8.837-7.163-16-16-16H16c-8.837 0-16 7.163-16 16v40c0 8.837 7.163 16 16 16zm0 160h416c8.837 0 16-7.163 16-16v-40c0-8.837-7.163-16-16-16H16c-8.837 0-16 7.163-16 16v40c0 8.837 7.163 16 16 16z&quot;&gt;&lt;\/path&gt;&lt;\/svg&gt;\" data-indicator-icon=\"&lt;svg aria-hidden=&quot;true&quot; class=&quot;e-font-icon-svg e-fas-angle-down&quot; viewBox=&quot;0 0 320 512&quot; xmlns=&quot;http:\/\/www.w3.org\/2000\/svg&quot;&gt;&lt;path d=&quot;M143 352.3L7 216.3c-9.4-9.4-9.4-24.6 0-33.9l22.6-22.6c9.4-9.4 24.6-9.4 33.9 0l96.4 96.4 96.4-96.4c9.4-9.4 24.6-9.4 33.9 0l22.6 22.6c9.4 9.4 9.4 24.6 0 33.9l-136 136c-9.2 9.4-24.4 9.4-33.8 0z&quot;&gt;&lt;\/path&gt;&lt;\/svg&gt;\" data-dropdown-indicator-icon=\"&lt;svg class=&quot;e-font-icon-svg e-fas-angle-down&quot; viewBox=&quot;0 0 320 512&quot; xmlns=&quot;http:\/\/www.w3.org\/2000\/svg&quot;&gt;&lt;path d=&quot;M143 352.3L7 216.3c-9.4-9.4-9.4-24.6 0-33.9l22.6-22.6c9.4-9.4 24.6-9.4 33.9 0l96.4 96.4 96.4-96.4c9.4-9.4 24.6-9.4 33.9 0l22.6 22.6c9.4 9.4 9.4 24.6 0 33.9l-136 136c-9.2 9.4-24.4 9.4-33.8 0z&quot;&gt;&lt;\/path&gt;&lt;\/svg&gt;\" class=\"eael-simple-menu-container eael-simple-menu--loading eael-simple-menu-align-center eael-simple-menu-dropdown-align-left preset-2\" data-hamburger-breakpoints=\"{&quot;mobile&quot;:&quot;M\\u00f3vil vertical (&gt; 767px)&quot;,&quot;tablet&quot;:&quot;Tableta vertical (&gt; 1024px)&quot;,&quot;desktop&quot;:&quot;Escritorio (&gt; 2400px)&quot;,&quot;none&quot;:&quot;Ninguno&quot;}\" data-hamburger-device=\"tablet\">\n                <ul id=\"menu-menu-2\" class=\"eael-simple-menu eael-simple-menu-dropdown-animate-to-top eael-simple-menu-indicator eael-hamburger-center eael-simple-menu-horizontal\"><li id=\"menu-item-1646\" class=\"menu-item menu-item-type-post_type menu-item-object-page menu-item-1646\"><a href=\"https:\/\/www.curico.cl\/home\/municipio\/\">Municipio<\/a><\/li>\n<li id=\"menu-item-1658\" class=\"menu-item menu-item-type-post_type menu-item-object-page menu-item-1658\"><a href=\"https:\/\/www.curico.cl\/home\/concejo-2024-2028\/\">Concejo 2024-2028<\/a><\/li>\n<li id=\"menu-item-1647\" class=\"menu-item menu-item-type-post_type menu-item-object-page menu-item-1647\"><a href=\"https:\/\/www.curico.cl\/home\/historia\/\">Historia<\/a><\/li>\n<li id=\"menu-item-1657\" class=\"menu-item menu-item-type-post_type menu-item-object-page menu-item-1657\"><a href=\"https:\/\/www.curico.cl\/home\/organigrama\/\">Organigrama<\/a><\/li>\n<li id=\"menu-item-1768\" class=\"menu-item menu-item-type-custom menu-item-object-custom menu-item-1768\"><a href=\"https:\/\/drive.google.com\/drive\/folders\/1m5sWTvWjbaLSSS5gllSPaBrJbJ8Tb_FA\">Plan Regulador<\/a><\/li>\n<li id=\"menu-item-1659\" class=\"menu-item menu-item-type-post_type menu-item-object-page menu-item-1659\"><a href=\"https:\/\/www.curico.cl\/home\/pladeco-2017-2024\/\">Pladeco 2017-2024<\/a><\/li>\n<li id=\"menu-item-1761\" class=\"menu-item menu-item-type-custom menu-item-object-custom menu-item-1761\"><a href=\"https:\/\/www.portaltransparencia.cl\/PortalPdT\/directorio-de-organismos-regulados\/?org=MU078&#038;pagina=59962365\">Ordenanzas Municipales<\/a><\/li>\n<li id=\"menu-item-1663\" class=\"menu-item menu-item-type-post_type menu-item-object-page menu-item-1663\"><a href=\"https:\/\/www.curico.cl\/home\/cuentas-publicas\/\">Cuentas P\u00fablicas<\/a><\/li>\n<\/ul>                <button class=\"eael-simple-menu-toggle\">\n                    <span class=\"sr-only \">Men\u00fa conmutador hamburguesa<\/span>\n                    <svg aria-hidden=\"true\" class=\"e-font-icon-svg e-fas-bars\" viewBox=\"0 0 448 512\" xmlns=\"http:\/\/www.w3.org\/2000\/svg\"><path d=\"M16 132h416c8.837 0 16-7.163 16-16V76c0-8.837-7.163-16-16-16H16C7.163 60 0 67.163 0 76v40c0 8.837 7.163 16 16 16zm0 160h416c8.837 0 16-7.163 16-16v-40c0-8.837-7.163-16-16-16H16c-8.837 0-16 7.163-16 16v40c0 8.837 7.163 16 16 16zm0 160h416c8.837 0 16-7.163 16-16v-40c0-8.837-7.163-16-16-16H16c-8.837 0-16 7.163-16 16v40c0 8.837 7.163 16 16 16z\"><\/path><\/svg>                <\/button>\n            <\/div>\n            \t\t\t\t<\/div>\n\t\t\t\t<\/div>\n\t\t\t\t<\/div>\n\t\t<div class=\"elementor-element elementor-element-727aaf7 e-con-full e-flex e-con e-parent\" data-id=\"727aaf7\" data-element_type=\"container\" data-e-type=\"container\">\n\t\t<div class=\"elementor-element elementor-element-93b4cd5 e-con-full e-flex e-con e-child\" data-id=\"93b4cd5\" data-element_type=\"container\" data-e-type=\"container\">\n\t\t\t\t<div class=\"elementor-element elementor-element-6a8cf05 elementor-widget elementor-widget-text-editor\" data-id=\"6a8cf05\" data-element_type=\"widget\" data-e-type=\"widget\" data-widget_type=\"text-editor.default\">\n\t\t\t\t<div class=\"elementor-widget-container\">\n\t\t\t\t\t\t\t\t\t<p style=\"text-align: justify;\"><strong>George Bordachar<\/strong> <strong>Sotomayor<\/strong> comenz\u00f3 su carrera pol\u00edtica como consejero regional, un cargo en el que ha tenido un impacto significativo al aprobar m\u00e1s de 400 proyectos para la comuna de Curic\u00f3. Estos proyectos han abarcado \u00e1reas cruciales como seguridad, vialidad, educaci\u00f3n, salud e infraestructura, mejorando as\u00ed la calidad de vida de los habitantes de la Regi\u00f3n del Maule y, principalmente, de su comuna de Curic\u00f3. Debido a su alta votaci\u00f3n, tambi\u00e9n fue Presidente del Consejo Regional, donde se aprobaron importantes convenios sectoriales con ministerios como Salud y Obras P\u00fablicas.<\/p><p style=\"text-align: justify;\">En su trayectoria, \u00abel Pollo\u00bb Bordachar ha sido reconocido por su compromiso con la comunidad y su capacidad para trabajar en colaboraci\u00f3n con alcaldes, concejales y otros l\u00edderes locales. Su enfoque ha sido siempre el de \u00abpuertas abiertas y transparencia\u00bb, buscando soluciones efectivas para las problem\u00e1ticas locales<\/p><p class=\"uagb-team__desc\" style=\"text-align: justify;\"><strong>PRINCIPALES FUNCIONES DEL ALCALDE<\/strong><\/p><p class=\"uagb-team__desc\" style=\"text-align: justify;\">a) Las exclusivas se\u00f1aladas en el art\u00edculo 63 de la Ley N\u00b0 18.695, Org\u00e1nica Constitucional de Municipalidades.<br \/>b) Las se\u00f1aladas en el art\u00edculo 65 del referido texto legal.<br \/>c) Dar cuenta p\u00fablica al Concejo Municipal y al Consejo de la Sociedad Civil a m\u00e1s tardar en el mes de abril de cada a\u00f1o de la gesti\u00f3n anual y de la marcha general de la Municipalidad de acuerdo a lo indicado en el art\u00edculo 67 del texto legal se\u00f1alado en la letra a).<br \/>d) Administrar en forma eficiente los recursos y patrimonio Municipal.<br \/>e) Promover el desarrollo econ\u00f3mico, social, cultural y territorial, escuchando la voluntad de los vecinos y creando los mecanismos para que estos puedan contar con un canal expedito para hacer llegar sus inquietudes y sugerencias.<br \/>f) Establecer la organizaci\u00f3n interna municipal y proponer al Concejo Municipal la aprobaci\u00f3n del Reglamento que la regula.<\/p>\t\t\t\t\t\t\t\t<\/div>\n\t\t\t\t<\/div>\n\t\t\t\t<\/div>\n\t\t<div class=\"elementor-element elementor-element-de9244b e-con-full e-flex e-con e-child\" data-id=\"de9244b\" data-element_type=\"container\" data-e-type=\"container\">\n\t\t<div class=\"elementor-element elementor-element-61f49d4 e-con-full e-flex e-con e-child\" data-id=\"61f49d4\" data-element_type=\"container\" data-e-type=\"container\">\n\t\t\t\t<div class=\"elementor-element elementor-element-286f454 elementor-widget elementor-widget-heading\" data-id=\"286f454\" data-element_type=\"widget\" data-e-type=\"widget\" data-widget_type=\"heading.default\">\n\t\t\t\t<div class=\"elementor-widget-container\">\n\t\t\t\t\t<h1 class=\"elementor-heading-title elementor-size-default\">George Bordachar Sotomayor - Alcalde<\/h1>\t\t\t\t<\/div>\n\t\t\t\t<\/div>\n\t\t\t\t<div class=\"elementor-element elementor-element-b1529c2 elementor-widget elementor-widget-image\" data-id=\"b1529c2\" data-element_type=\"widget\" data-e-type=\"widget\" data-widget_type=\"image.default\">\n\t\t\t\t<div class=\"elementor-widget-container\">\n\t\t\t\t\t\t\t\t\t\t\t\t\t\t\t<img fetchpriority=\"high\" decoding=\"async\" width=\"800\" height=\"800\" src=\"https:\/\/www.curico.cl\/home\/wp-content\/uploads\/2025\/01\/alcalde.png\" class=\"attachment-large size-large wp-image-1463\" alt=\"\" srcset=\"https:\/\/www.curico.cl\/home\/wp-content\/uploads\/2025\/01\/alcalde.png 800w, https:\/\/www.curico.cl\/home\/wp-content\/uploads\/2025\/01\/alcalde-300x300.png 300w, https:\/\/www.curico.cl\/home\/wp-content\/uploads\/2025\/01\/alcalde-768x768.png 768w\" sizes=\"(max-width: 800px) 100vw, 800px\" \/>\t\t\t\t\t\t\t\t\t\t\t\t\t\t\t<\/div>\n\t\t\t\t<\/div>\n\t\t\t\t<\/div>\n\t\t<div class=\"elementor-element elementor-element-da42716 e-con-full e-flex e-con e-child\" data-id=\"da42716\" data-element_type=\"container\" data-e-type=\"container\">\n\t\t\t\t<\/div>\n\t\t\t\t<\/div>\n\t\t\t\t<\/div>\n\t\t\t\t<\/div>\n\t\t","protected":false},"excerpt":{"rendered":"<p>Municipio Concejo 2024-2028 Historia Organigrama Plan Regulador Pladeco 2017-2024 Ordenanzas Municipales Cuentas P\u00fablicas Men\u00fa conmutador hamburguesa George Bordachar Sotomayor comenz\u00f3 su carrera pol\u00edtica como consejero regional, un cargo en el que ha tenido un impacto significativo al aprobar m\u00e1s de 400 proyectos para la comuna de Curic\u00f3. Estos proyectos han abarcado \u00e1reas cruciales como seguridad, [&hellip;]<\/p>\n","protected":false},"author":1,"featured_media":0,"parent":0,"menu_order":0,"comment_status":"closed","ping_status":"closed","template":"page-templates\/fullwidth-page.php","meta":{"footnotes":""},"class_list":["post-1213","page","type-page","status-publish","hentry"],"rttpg_featured_image_url":null,"rttpg_author":{"display_name":"municco","author_link":"https:\/\/www.curico.cl\/home\/author\/municco\/"},"rttpg_comment":0,"rttpg_category":null,"rttpg_excerpt":"Municipio Concejo 2024-2028 Historia Organigrama Plan Regulador Pladeco 2017-2024 Ordenanzas Municipales Cuentas P\u00fablicas Men\u00fa conmutador hamburguesa George Bordachar Sotomayor comenz\u00f3 su carrera pol\u00edtica como consejero regional, un cargo en el que ha tenido un impacto significativo al aprobar m\u00e1s de 400 proyectos para la comuna de Curic\u00f3. Estos proyectos han abarcado \u00e1reas cruciales como seguridad,&hellip;","_links":{"self":[{"href":"https:\/\/www.curico.cl\/home\/wp-json\/wp\/v2\/pages\/1213","targetHints":{"allow":["GET"]}}],"collection":[{"href":"https:\/\/www.curico.cl\/home\/wp-json\/wp\/v2\/pages"}],"about":[{"href":"https:\/\/www.curico.cl\/home\/wp-json\/wp\/v2\/types\/page"}],"author":[{"embeddable":true,"href":"https:\/\/www.curico.cl\/home\/wp-json\/wp\/v2\/users\/1"}],"replies":[{"embeddable":true,"href":"https:\/\/www.curico.cl\/home\/wp-json\/wp\/v2\/comments?post=1213"}],"version-history":[{"count":3,"href":"https:\/\/www.curico.cl\/home\/wp-json\/wp\/v2\/pages\/1213\/revisions"}],"predecessor-version":[{"id":3776,"href":"https:\/\/www.curico.cl\/home\/wp-json\/wp\/v2\/pages\/1213\/revisions\/3776"}],"wp:attachment":[{"href":"https:\/\/www.curico.cl\/home\/wp-json\/wp\/v2\/media?parent=1213"}],"curies":[{"name":"wp","href":"https:\/\/api.w.org\/{rel}","templated":true}]}}